{"id":87,"date":"2015-12-17T01:04:37","date_gmt":"2015-12-17T01:04:37","guid":{"rendered":"https:\/\/ctkdesign.wordpress.com\/?page_id=87"},"modified":"2018-05-21T16:19:09","modified_gmt":"2018-05-21T19:19:09","slug":"quem-somos","status":"publish","type":"page","link":"https:\/\/www.ctkdesign.com.br\/index.php\/quem-somos\/","title":{"rendered":"Quem somos"},"content":{"rendered":"<h1 style=\"text-align: center;\">\u00a0CTK Design de Interiores<\/h1>\n<div id='gallery-1' class='gallery galleryid-87 gallery-columns-1 gallery-size-large'><figure class='gallery-item'>\n\t\t\t<div class='gallery-icon landscape'>\n\t\t\t\t<a href='https:\/\/www.ctkdesign.com.br\/index.php\/quem-somos\/20160224_092552_1\/'><img width=\"922\" height=\"691\" src=\"https:\/\/www.ctkdesign.com.br\/wp-content\/uploads\/2015\/12\/20160224_092552_1.png\" class=\"attachment-large size-large\" alt=\"\" loading=\"lazy\" aria-describedby=\"gallery-1-544\" srcset=\"https:\/\/www.ctkdesign.com.br\/wp-content\/uploads\/2015\/12\/20160224_092552_1.png 922w, https:\/\/www.ctkdesign.com.br\/wp-content\/uploads\/2015\/12\/20160224_092552_1-300x225.png 300w, https:\/\/www.ctkdesign.com.br\/wp-content\/uploads\/2015\/12\/20160224_092552_1-768x576.png 768w, https:\/\/www.ctkdesign.com.br\/wp-content\/uploads\/2015\/12\/20160224_092552_1-400x300.png 400w\" sizes=\"(max-width: 922px) 100vw, 922px\" \/><\/a>\n\t\t\t<\/div>\n\t\t\t\t<figcaption class='wp-caption-text gallery-caption' id='gallery-1-544'>\n\t\t\t\tClessi Kuskovski -Designer de Interiores\n\t\t\t\t<\/figcaption><\/figure>\n\t\t<\/div>\n\n<h1 style=\"text-align: left;\"><\/h1>\n<p style=\"text-align: justify;\">Clessi Kuskovski, formada em Design de Interiores pela institui\u00e7\u00e3o de ensino FTSG, polo de Caxias do Sul, desenvolve seus projetos no escrit\u00f3rio CTK Design de Interiores, localizado na rua \u00a0Bento Gon\u00e7alves, 2221, Sala\u00a0504, Centro\u00a0 Caxias do Sul. Fone: (54) 99952.0449.<\/p>\n<p style=\"text-align: justify;\">O escrit\u00f3rio projeta espa\u00e7os residenciais, comerciais e paisag\u00edsticos, ( respeitando o meio ambiente), buscando atender a \u00a0expectativa e desejo do cliente observando a previs\u00e3o or\u00e7ament\u00e1ria.<\/p>\n<p style=\"text-align: justify;\">Projeta ambientes arrojados e \u00fanicos, atrav\u00e9s da utiliza\u00e7\u00e3o dos elementos do design, harmonizando cores, materiais, marcenaria, ilumina\u00e7\u00e3o, cortinas, tapetes \u00a0e objetos decorativos, aproveitando adequadamente todos os espa\u00e7os existentes, proporcionando conforto, sofistica\u00e7\u00e3o e funcionalidade ao local.<\/p>\n<p style=\"text-align: center;\"><a href=\"http:\/\/iframe%20frameborder=0%20src='\/\/cdn-uploads-saopaulo.starofservice.com\/uploads\/widgets\/2f84f1f02a06dc4c643b83714ae695b8\/pro-badge-small.html'\/iframe\"><iframe src=\"\/\/cdn-uploads-saopaulo.starofservice.com\/uploads\/widgets\/2f84f1f02a06dc4c643b83714ae695b8\/pro-badge-small.html\" width=\"300\" height=\"150\" frameborder=\"0\"><\/iframe><\/a><\/p>\n","protected":false},"excerpt":{"rendered":"<p>\u00a0CTK Design de Interiores Clessi Kuskovski, formada em Design de Interiores pela institui\u00e7\u00e3o de ensino FTSG, polo de Caxias do Sul, desenvolve seus projetos no escrit\u00f3rio CTK Design de Interiores, localizado na rua \u00a0Bento Gon\u00e7alves, 2221, Sala\u00a0504, Centro\u00a0 Caxias do Sul. Fone: (54) 99952.0449. O escrit\u00f3rio projeta espa\u00e7os residenciais, comerciais e paisag\u00edsticos, ( respeitando o&#8230; <\/p>\n<div class=\"link-more\"><a href=\"https:\/\/www.ctkdesign.com.br\/index.php\/quem-somos\/\">Leia mais<\/a><\/div>\n","protected":false},"author":1,"featured_media":0,"parent":0,"menu_order":0,"comment_status":"closed","ping_status":"closed","template":"","meta":[],"_links":{"self":[{"href":"https:\/\/www.ctkdesign.com.br\/index.php\/wp-json\/wp\/v2\/pages\/87"}],"collection":[{"href":"https:\/\/www.ctkdesign.com.br\/index.php\/wp-json\/wp\/v2\/pages"}],"about":[{"href":"https:\/\/www.ctkdesign.com.br\/index.php\/wp-json\/wp\/v2\/types\/page"}],"author":[{"embeddable":true,"href":"https:\/\/www.ctkdesign.com.br\/index.php\/wp-json\/wp\/v2\/users\/1"}],"replies":[{"embeddable":true,"href":"https:\/\/www.ctkdesign.com.br\/index.php\/wp-json\/wp\/v2\/comments?post=87"}],"version-history":[{"count":7,"href":"https:\/\/www.ctkdesign.com.br\/index.php\/wp-json\/wp\/v2\/pages\/87\/revisions"}],"predecessor-version":[{"id":722,"href":"https:\/\/www.ctkdesign.com.br\/index.php\/wp-json\/wp\/v2\/pages\/87\/revisions\/722"}],"wp:attachment":[{"href":"https:\/\/www.ctkdesign.com.br\/index.php\/wp-json\/wp\/v2\/media?parent=87"}],"curies":[{"name":"wp","href":"https:\/\/api.w.org\/{rel}","templated":true}]}}