{"id":729,"date":"2018-07-23T23:09:51","date_gmt":"2018-07-24T02:09:51","guid":{"rendered":"http:\/\/www.ctkdesign.com.br\/?page_id=729"},"modified":"2018-12-29T21:25:00","modified_gmt":"2018-12-29T23:25:00","slug":"e-commerce","status":"publish","type":"page","link":"https:\/\/www.ctkdesign.com.br\/index.php\/e-commerce\/","title":{"rendered":"E-commerce"},"content":{"rendered":"<h2 style=\"text-align: center;\"><em>Feitas com Amor !!!<\/em><\/h2>\n<p>Lindas bolsas em patchwork para quem gosta de produtos manuais. Modelos exclusivos, produzidos em tecidos tricoline 100% algod\u00e3o. As estampas s\u00e3o cuidadosamente selecionadas para que a pe\u00e7a tenha um design moderno. Modelos com al\u00e7a de ombro e transversal (com e sem regulagem). Confira abaixo os modelos dispon\u00edveis clicando em cada uma das imagens.<\/p>\n<h2 style=\"text-align: center;\">### Valorize o pequeno neg\u00f3cio ###<\/h2>\n<p style=\"text-align: center;\"><a href=\"https:\/\/produto.mercadolivre.com.br\/MLB-1071676584-bolsa-patchwork-feminina-de-tecido-em-algodo-_JM\" target=\"_blank\" rel=\"noopener\"><img loading=\"lazy\" class=\"alignnone wp-image-758 size-medium\" src=\"http:\/\/www.ctkdesign.com.br\/wp-content\/uploads\/2018\/07\/IMG-20180723-WA0061-169x300.jpg\" alt=\"\" width=\"169\" height=\"300\" srcset=\"https:\/\/www.ctkdesign.com.br\/wp-content\/uploads\/2018\/07\/IMG-20180723-WA0061-169x300.jpg 169w, https:\/\/www.ctkdesign.com.br\/wp-content\/uploads\/2018\/07\/IMG-20180723-WA0061-575x1024.jpg 575w, https:\/\/www.ctkdesign.com.br\/wp-content\/uploads\/2018\/07\/IMG-20180723-WA0061.jpg 719w\" sizes=\"(max-width: 169px) 100vw, 169px\" \/><\/a> <a href=\"https:\/\/produto.mercadolivre.com.br\/MLB-1071679380-bolsa-patchwork-feminina-de-tecido-em-algodo-_JM\" target=\"_blank\" rel=\"noopener\"><img loading=\"lazy\" class=\"alignnone wp-image-757 size-medium\" src=\"http:\/\/www.ctkdesign.com.br\/wp-content\/uploads\/2018\/07\/IMG-20180723-WA0053-169x300.jpg\" alt=\"\" width=\"169\" height=\"300\" srcset=\"https:\/\/www.ctkdesign.com.br\/wp-content\/uploads\/2018\/07\/IMG-20180723-WA0053-169x300.jpg 169w, https:\/\/www.ctkdesign.com.br\/wp-content\/uploads\/2018\/07\/IMG-20180723-WA0053-575x1024.jpg 575w, https:\/\/www.ctkdesign.com.br\/wp-content\/uploads\/2018\/07\/IMG-20180723-WA0053.jpg 719w\" sizes=\"(max-width: 169px) 100vw, 169px\" \/><\/a> <a href=\"https:\/\/produto.mercadolivre.com.br\/MLB-1071681370-bolsa-patchwork-feminina-de-tecido-em-algodo-_JM\" target=\"_blank\" rel=\"noopener\"><img loading=\"lazy\" class=\"alignnone wp-image-755 size-medium\" src=\"http:\/\/www.ctkdesign.com.br\/wp-content\/uploads\/2018\/07\/IMG-20180723-WA0043-169x300.jpg\" alt=\"\" width=\"169\" height=\"300\" srcset=\"https:\/\/www.ctkdesign.com.br\/wp-content\/uploads\/2018\/07\/IMG-20180723-WA0043-169x300.jpg 169w, https:\/\/www.ctkdesign.com.br\/wp-content\/uploads\/2018\/07\/IMG-20180723-WA0043-575x1024.jpg 575w, https:\/\/www.ctkdesign.com.br\/wp-content\/uploads\/2018\/07\/IMG-20180723-WA0043.jpg 719w\" sizes=\"(max-width: 169px) 100vw, 169px\" \/><\/a> <a href=\"https:\/\/produto.mercadolivre.com.br\/MLB-1071690543-bolsa-patchwork-feminina-de-tecido-em-algodo-_JM\" target=\"_blank\" rel=\"noopener\"><img loading=\"lazy\" class=\"alignnone wp-image-756 size-medium\" src=\"http:\/\/www.ctkdesign.com.br\/wp-content\/uploads\/2018\/07\/IMG-20180723-WA0046-169x300.jpg\" alt=\"\" width=\"169\" height=\"300\" srcset=\"https:\/\/www.ctkdesign.com.br\/wp-content\/uploads\/2018\/07\/IMG-20180723-WA0046-169x300.jpg 169w, https:\/\/www.ctkdesign.com.br\/wp-content\/uploads\/2018\/07\/IMG-20180723-WA0046-575x1024.jpg 575w, https:\/\/www.ctkdesign.com.br\/wp-content\/uploads\/2018\/07\/IMG-20180723-WA0046.jpg 719w\" sizes=\"(max-width: 169px) 100vw, 169px\" \/><\/a> <a href=\"https:\/\/produto.mercadolivre.com.br\/MLB-1071695348-bolsa-patchwork-feminina-de-tecido-em-algodo-_JM\" target=\"_blank\" rel=\"noopener\"><img loading=\"lazy\" class=\"alignnone wp-image-754 size-medium\" src=\"http:\/\/www.ctkdesign.com.br\/wp-content\/uploads\/2018\/07\/IMG-20180723-WA0035-169x300.jpg\" alt=\"\" width=\"169\" height=\"300\" srcset=\"https:\/\/www.ctkdesign.com.br\/wp-content\/uploads\/2018\/07\/IMG-20180723-WA0035-169x300.jpg 169w, https:\/\/www.ctkdesign.com.br\/wp-content\/uploads\/2018\/07\/IMG-20180723-WA0035-575x1024.jpg 575w, https:\/\/www.ctkdesign.com.br\/wp-content\/uploads\/2018\/07\/IMG-20180723-WA0035.jpg 719w\" sizes=\"(max-width: 169px) 100vw, 169px\" \/><\/a> <a href=\"https:\/\/produto.mercadolivre.com.br\/MLB-1071689670-bolsa-patchwork-feminina-de-tecido-em-algodo-_JM\" target=\"_blank\" rel=\"noopener\"><img loading=\"lazy\" class=\"alignnone wp-image-753 size-medium\" src=\"http:\/\/www.ctkdesign.com.br\/wp-content\/uploads\/2018\/07\/IMG-20180723-WA0032-169x300.jpg\" alt=\"\" width=\"169\" height=\"300\" srcset=\"https:\/\/www.ctkdesign.com.br\/wp-content\/uploads\/2018\/07\/IMG-20180723-WA0032-169x300.jpg 169w, https:\/\/www.ctkdesign.com.br\/wp-content\/uploads\/2018\/07\/IMG-20180723-WA0032-575x1024.jpg 575w, https:\/\/www.ctkdesign.com.br\/wp-content\/uploads\/2018\/07\/IMG-20180723-WA0032.jpg 719w\" sizes=\"(max-width: 169px) 100vw, 169px\" \/><\/a> <a href=\"https:\/\/produto.mercadolivre.com.br\/MLB-1071694775-bolsa-patchwork-feminina-de-tecido-em-algodo-_JM\" target=\"_blank\" rel=\"noopener\"><img loading=\"lazy\" class=\"alignnone wp-image-752 size-medium\" src=\"http:\/\/www.ctkdesign.com.br\/wp-content\/uploads\/2018\/07\/IMG-20180723-WA0023-169x300.jpg\" alt=\"\" width=\"169\" height=\"300\" srcset=\"https:\/\/www.ctkdesign.com.br\/wp-content\/uploads\/2018\/07\/IMG-20180723-WA0023-169x300.jpg 169w, https:\/\/www.ctkdesign.com.br\/wp-content\/uploads\/2018\/07\/IMG-20180723-WA0023-575x1024.jpg 575w, https:\/\/www.ctkdesign.com.br\/wp-content\/uploads\/2018\/07\/IMG-20180723-WA0023.jpg 719w\" sizes=\"(max-width: 169px) 100vw, 169px\" \/><\/a> <a href=\"https:\/\/produto.mercadolivre.com.br\/MLB-1071688311-bolsa-patchwork-feminina-de-tecido-em-algodo-_JM\" target=\"_blank\" rel=\"noopener\"><img loading=\"lazy\" class=\"alignnone wp-image-743 size-medium\" src=\"http:\/\/www.ctkdesign.com.br\/wp-content\/uploads\/2018\/07\/IMG-20180723-WA0031-169x300.jpg\" alt=\"\" width=\"169\" height=\"300\" srcset=\"https:\/\/www.ctkdesign.com.br\/wp-content\/uploads\/2018\/07\/IMG-20180723-WA0031-169x300.jpg 169w, https:\/\/www.ctkdesign.com.br\/wp-content\/uploads\/2018\/07\/IMG-20180723-WA0031-575x1024.jpg 575w, https:\/\/www.ctkdesign.com.br\/wp-content\/uploads\/2018\/07\/IMG-20180723-WA0031.jpg 719w\" sizes=\"(max-width: 169px) 100vw, 169px\" \/><\/a> <a href=\"https:\/\/produto.mercadolivre.com.br\/MLB-1071701914-bolsa-patchwork-feminina-de-tecido-em-algodo-_JM\" target=\"_blank\" rel=\"noopener\"><img loading=\"lazy\" class=\"alignnone wp-image-739 size-medium\" src=\"http:\/\/www.ctkdesign.com.br\/wp-content\/uploads\/2018\/07\/IMG-20180723-WA0011-169x300.jpg\" alt=\"\" width=\"169\" height=\"300\" srcset=\"https:\/\/www.ctkdesign.com.br\/wp-content\/uploads\/2018\/07\/IMG-20180723-WA0011-169x300.jpg 169w, https:\/\/www.ctkdesign.com.br\/wp-content\/uploads\/2018\/07\/IMG-20180723-WA0011-575x1024.jpg 575w, https:\/\/www.ctkdesign.com.br\/wp-content\/uploads\/2018\/07\/IMG-20180723-WA0011.jpg 719w\" sizes=\"(max-width: 169px) 100vw, 169px\" \/><\/a> <a href=\"https:\/\/produto.mercadolivre.com.br\/MLB-1071698291-bolsa-patchwork-feminina-de-tecido-em-algodo-_JM\" target=\"_blank\" rel=\"noopener\"><img loading=\"lazy\" class=\"alignnone wp-image-733 size-medium\" src=\"http:\/\/www.ctkdesign.com.br\/wp-content\/uploads\/2018\/07\/IMG-20180723-WA0088-169x300.jpg\" alt=\"\" width=\"169\" height=\"300\" srcset=\"https:\/\/www.ctkdesign.com.br\/wp-content\/uploads\/2018\/07\/IMG-20180723-WA0088-169x300.jpg 169w, https:\/\/www.ctkdesign.com.br\/wp-content\/uploads\/2018\/07\/IMG-20180723-WA0088-575x1024.jpg 575w, https:\/\/www.ctkdesign.com.br\/wp-content\/uploads\/2018\/07\/IMG-20180723-WA0088.jpg 719w\" sizes=\"(max-width: 169px) 100vw, 169px\" \/><\/a><\/p>\n<p style=\"text-align: center;\"><a href=\"https:\/\/www.rededots.com.br\/lojas\/CTKDesign\" target=\"_blank\" rel=\"noopener\"><img loading=\"lazy\" class=\"wp-image-771 size-medium aligncenter\" src=\"http:\/\/www.ctkdesign.com.br\/wp-content\/uploads\/2018\/07\/comprar-1-300x86.png\" alt=\"\" width=\"300\" height=\"86\" srcset=\"https:\/\/www.ctkdesign.com.br\/wp-content\/uploads\/2018\/07\/comprar-1-300x86.png 300w, https:\/\/www.ctkdesign.com.br\/wp-content\/uploads\/2018\/07\/comprar-1.png 465w\" sizes=\"(max-width: 300px) 100vw, 300px\" \/><\/a><\/p>\n<p><a title=\"Confira minha loja no Elo7\" href=\"https:\/\/www.elo7.com.br\/CTKMais?utm_source=blog&amp;utm_medium=store_button\"><img class=\"aligncenter\" src=\"https:\/\/images.elo7.com.br\/assets\/new\/botao3.png\" alt=\"Elo7\" \/><\/a><\/p>\n","protected":false},"excerpt":{"rendered":"<p>Feitas com Amor !!! Lindas bolsas em patchwork para quem gosta de produtos manuais. Modelos exclusivos, produzidos em tecidos tricoline 100% algod\u00e3o. As estampas s\u00e3o cuidadosamente selecionadas para que a pe\u00e7a tenha um design moderno. Modelos com al\u00e7a de ombro e transversal (com e sem regulagem). Confira abaixo os modelos dispon\u00edveis clicando em cada uma&#8230; <\/p>\n<div class=\"link-more\"><a href=\"https:\/\/www.ctkdesign.com.br\/index.php\/e-commerce\/\">Leia mais<\/a><\/div>\n","protected":false},"author":1,"featured_media":0,"parent":0,"menu_order":0,"comment_status":"closed","ping_status":"closed","template":"","meta":[],"_links":{"self":[{"href":"https:\/\/www.ctkdesign.com.br\/index.php\/wp-json\/wp\/v2\/pages\/729"}],"collection":[{"href":"https:\/\/www.ctkdesign.com.br\/index.php\/wp-json\/wp\/v2\/pages"}],"about":[{"href":"https:\/\/www.ctkdesign.com.br\/index.php\/wp-json\/wp\/v2\/types\/page"}],"author":[{"embeddable":true,"href":"https:\/\/www.ctkdesign.com.br\/index.php\/wp-json\/wp\/v2\/users\/1"}],"replies":[{"embeddable":true,"href":"https:\/\/www.ctkdesign.com.br\/index.php\/wp-json\/wp\/v2\/comments?post=729"}],"version-history":[{"count":32,"href":"https:\/\/www.ctkdesign.com.br\/index.php\/wp-json\/wp\/v2\/pages\/729\/revisions"}],"predecessor-version":[{"id":784,"href":"https:\/\/www.ctkdesign.com.br\/index.php\/wp-json\/wp\/v2\/pages\/729\/revisions\/784"}],"wp:attachment":[{"href":"https:\/\/www.ctkdesign.com.br\/index.php\/wp-json\/wp\/v2\/media?parent=729"}],"curies":[{"name":"wp","href":"https:\/\/api.w.org\/{rel}","templated":true}]}}